{"id":5560,"date":"2026-01-19T15:01:15","date_gmt":"2026-01-19T18:01:15","guid":{"rendered":"https:\/\/emcm.ufrn.br\/site\/?page_id=5560"},"modified":"2026-01-19T15:16:41","modified_gmt":"2026-01-19T18:16:41","slug":"comissao-de-tcr","status":"publish","type":"page","link":"https:\/\/emcm.ufrn.br\/site\/comissao-de-tcr\/","title":{"rendered":"Comiss\u00e3o de TCR"},"content":{"rendered":"\t\t<div data-elementor-type=\"wp-page\" data-elementor-id=\"5560\" class=\"elementor elementor-5560\" data-elementor-settings=\"{&quot;ha_cmc_init_switcher&quot;:&quot;no&quot;}\">\n\t\t\t\t<div class=\"elementor-element elementor-element-a720832 e-con-full e-flex e-con e-parent\" data-id=\"a720832\" data-element_type=\"container\" data-e-type=\"container\" data-settings=\"{&quot;_ha_eqh_enable&quot;:false}\">\n\t\t<div class=\"elementor-element elementor-element-647cb07 e-con-full e-flex e-con e-child\" data-id=\"647cb07\" data-element_type=\"container\" data-e-type=\"container\" data-settings=\"{&quot;_ha_eqh_enable&quot;:false}\">\n\t\t\t\t<div class=\"elementor-element elementor-element-f44d9b3 elementor-widget__width-initial elementor-widget elementor-widget-image\" data-id=\"f44d9b3\" data-element_type=\"widget\" data-e-type=\"widget\" data-widget_type=\"image.default\">\n\t\t\t\t<div class=\"elementor-widget-container\">\n\t\t\t\t\t\t\t\t\t\t\t\t\t\t\t<img fetchpriority=\"high\" decoding=\"async\" width=\"1024\" height=\"1024\" src=\"https:\/\/emcm.ufrn.br\/site\/wp-content\/uploads\/2026\/01\/COMISSAO-DE-TCR-LOGO.png\" class=\"attachment-large size-large wp-image-5561\" alt=\"\" srcset=\"https:\/\/emcm.ufrn.br\/site\/wp-content\/uploads\/2026\/01\/COMISSAO-DE-TCR-LOGO.png 1024w, https:\/\/emcm.ufrn.br\/site\/wp-content\/uploads\/2026\/01\/COMISSAO-DE-TCR-LOGO-300x300.png 300w, https:\/\/emcm.ufrn.br\/site\/wp-content\/uploads\/2026\/01\/COMISSAO-DE-TCR-LOGO-150x150.png 150w, https:\/\/emcm.ufrn.br\/site\/wp-content\/uploads\/2026\/01\/COMISSAO-DE-TCR-LOGO-768x768.png 768w\" sizes=\"(max-width: 1024px) 100vw, 1024px\" \/>\t\t\t\t\t\t\t\t\t\t\t\t\t\t\t<\/div>\n\t\t\t\t<\/div>\n\t\t\t\t<\/div>\n\t\t<div class=\"elementor-element elementor-element-8f4b674 e-con-full e-flex e-con e-child\" data-id=\"8f4b674\" data-element_type=\"container\" data-e-type=\"container\" data-settings=\"{&quot;_ha_eqh_enable&quot;:false}\">\n\t\t\t\t<div class=\"elementor-element elementor-element-29bfab4 elementor-widget elementor-widget-text-editor\" data-id=\"29bfab4\" data-element_type=\"widget\" data-e-type=\"widget\" data-widget_type=\"text-editor.default\">\n\t\t\t\t<div class=\"elementor-widget-container\">\n\t\t\t\t\t\t\t\t\t<p>A Comiss\u00e3o de Trabalhos de Conclus\u00e3o de Resid\u00eancia (TCR) da Escola Multicampi de Ci\u00eancias M\u00e9dicas (EMCM) da Universidade Federal do Rio Grande do Norte (UFRN) constitui um pilar fundamental na estrutura acad\u00eamica da institui\u00e7\u00e3o, zelando pela excel\u00eancia e pelo rigor cient\u00edfico na forma\u00e7\u00e3o de seus especialistas. Com a miss\u00e3o de orientar e supervisionar o desenvolvimento das pesquisas finais dos residentes, a Comiss\u00e3o atua de forma estrat\u00e9gica para garantir que cada trabalho reflita o compromisso social e a qualidade t\u00e9cnica esperados de uma unidade acad\u00eamica de refer\u00eancia. Atrav\u00e9s do estabelecimento de diretrizes normativas claras e do acompanhamento cont\u00ednuo, desde a fase de qualifica\u00e7\u00e3o dos projetos at\u00e9 a defesa p\u00fablica final, o \u00f3rg\u00e3o assegura a padroniza\u00e7\u00e3o metodol\u00f3gica e o cumprimento dos preceitos \u00e9ticos necess\u00e1rios \u00e0 produ\u00e7\u00e3o de conhecimento cient\u00edfico relevante. Para facilitar a interlocu\u00e7\u00e3o com o corpo discente e docente, a Comiss\u00e3o centraliza todas as suas comunica\u00e7\u00f5es, submiss\u00f5es de documentos e esclarecimentos de d\u00favidas atrav\u00e9s de seu canal oficial, a Comiss\u00e3o Trabalhos de Conclus\u00e3o de Resid\u00eancia, pelo e-mail\u00a0<a href=\"mailto:tcr.emcm.ufrn@gmail.com\" target=\"_blank\" rel=\"noreferrer noopener noreferrer\"><span aria-expanded=\"false\" aria-haspopup=\"dialog\">tcr.emcm.ufrn@gmail.com<\/span><\/a>, reafirmando sua transpar\u00eancia e suporte administrativo no processo de culmin\u00e2ncia da forma\u00e7\u00e3o em resid\u00eancia.<\/p>\t\t\t\t\t\t\t\t<\/div>\n\t\t\t\t<\/div>\n\t\t\t\t<\/div>\n\t\t\t\t<\/div>\n\t\t<div class=\"elementor-element elementor-element-67bba55 e-flex e-con-boxed e-con e-parent\" data-id=\"67bba55\" data-element_type=\"container\" data-e-type=\"container\" data-settings=\"{&quot;_ha_eqh_enable&quot;:false}\">\n\t\t\t\t\t<div class=\"e-con-inner\">\n\t\t\t\t<div class=\"elementor-element elementor-element-5bc8f18 elementor-widget elementor-widget-heading\" data-id=\"5bc8f18\" data-element_type=\"widget\" data-e-type=\"widget\" data-widget_type=\"heading.default\">\n\t\t\t\t<div class=\"elementor-widget-container\">\n\t\t\t\t\t<h4 class=\"elementor-heading-title elementor-size-default\">Documentos<\/h4>\t\t\t\t<\/div>\n\t\t\t\t<\/div>\n\t\t\t\t\t<\/div>\n\t\t\t\t<\/div>\n\t\t<div class=\"elementor-element elementor-element-6105709 e-flex e-con-boxed e-con e-parent\" data-id=\"6105709\" data-element_type=\"container\" data-e-type=\"container\" data-settings=\"{&quot;_ha_eqh_enable&quot;:false}\">\n\t\t\t\t\t<div class=\"e-con-inner\">\n\t\t\t\t<div class=\"elementor-element elementor-element-7cb4921 elementor-align-left elementor-widget elementor-widget-button\" data-id=\"7cb4921\" data-element_type=\"widget\" data-e-type=\"widget\" data-widget_type=\"button.default\">\n\t\t\t\t<div class=\"elementor-widget-container\">\n\t\t\t\t\t\t\t\t\t<div class=\"elementor-button-wrapper\">\n\t\t\t\t\t<a class=\"elementor-button elementor-button-link elementor-size-sm\" href=\"https:\/\/emcm.ufrn.br\/site\/emcm\/P\u00f3s%20-%20Gradua\u00e7\u00e3o\/TCR\/TERMO_DE_ANU\u00caNCIA_DE_ORIENTA\u00c7\u00c3O.docx\" target=\"_blank\">\n\t\t\t\t\t\t<span class=\"elementor-button-content-wrapper\">\n\t\t\t\t\t\t<span class=\"elementor-button-icon\">\n\t\t\t\t<svg aria-hidden=\"true\" class=\"e-font-icon-svg e-far-file-alt\" viewBox=\"0 0 384 512\" xmlns=\"http:\/\/www.w3.org\/2000\/svg\"><path d=\"M288 248v28c0 6.6-5.4 12-12 12H108c-6.6 0-12-5.4-12-12v-28c0-6.6 5.4-12 12-12h168c6.6 0 12 5.4 12 12zm-12 72H108c-6.6 0-12 5.4-12 12v28c0 6.6 5.4 12 12 12h168c6.6 0 12-5.4 12-12v-28c0-6.6-5.4-12-12-12zm108-188.1V464c0 26.5-21.5 48-48 48H48c-26.5 0-48-21.5-48-48V48C0 21.5 21.5 0 48 0h204.1C264.8 0 277 5.1 286 14.1L369.9 98c9 8.9 14.1 21.2 14.1 33.9zm-128-80V128h76.1L256 51.9zM336 464V176H232c-13.3 0-24-10.7-24-24V48H48v416h288z\"><\/path><\/svg>\t\t\t<\/span>\n\t\t\t\t\t\t\t\t\t<span class=\"elementor-button-text\">Termo de Anu\u00eancia de Orienta\u00e7\u00e3o<\/span>\n\t\t\t\t\t<\/span>\n\t\t\t\t\t<\/a>\n\t\t\t\t<\/div>\n\t\t\t\t\t\t\t\t<\/div>\n\t\t\t\t<\/div>\n\t\t\t\t<div class=\"elementor-element elementor-element-f70c433 elementor-align-left elementor-widget elementor-widget-button\" data-id=\"f70c433\" data-element_type=\"widget\" data-e-type=\"widget\" data-widget_type=\"button.default\">\n\t\t\t\t<div class=\"elementor-widget-container\">\n\t\t\t\t\t\t\t\t\t<div class=\"elementor-button-wrapper\">\n\t\t\t\t\t<a class=\"elementor-button elementor-button-link elementor-size-sm\" href=\"https:\/\/emcm.ufrn.br\/site\/emcm\/P\u00f3s%20-%20Gradua\u00e7\u00e3o\/TCR\/Formul\u00e1rio%20de%20Composi\u00e7\u00e3o%20de%20Banca%20-%20EMCM%202020.docx\" target=\"_blank\">\n\t\t\t\t\t\t<span class=\"elementor-button-content-wrapper\">\n\t\t\t\t\t\t<span class=\"elementor-button-icon\">\n\t\t\t\t<svg aria-hidden=\"true\" class=\"e-font-icon-svg e-far-file-alt\" viewBox=\"0 0 384 512\" xmlns=\"http:\/\/www.w3.org\/2000\/svg\"><path d=\"M288 248v28c0 6.6-5.4 12-12 12H108c-6.6 0-12-5.4-12-12v-28c0-6.6 5.4-12 12-12h168c6.6 0 12 5.4 12 12zm-12 72H108c-6.6 0-12 5.4-12 12v28c0 6.6 5.4 12 12 12h168c6.6 0 12-5.4 12-12v-28c0-6.6-5.4-12-12-12zm108-188.1V464c0 26.5-21.5 48-48 48H48c-26.5 0-48-21.5-48-48V48C0 21.5 21.5 0 48 0h204.1C264.8 0 277 5.1 286 14.1L369.9 98c9 8.9 14.1 21.2 14.1 33.9zm-128-80V128h76.1L256 51.9zM336 464V176H232c-13.3 0-24-10.7-24-24V48H48v416h288z\"><\/path><\/svg>\t\t\t<\/span>\n\t\t\t\t\t\t\t\t\t<span class=\"elementor-button-text\">Formul\u00e1rio de Composi\u00e7\u00e3o de Banca - EMCM 2020<\/span>\n\t\t\t\t\t<\/span>\n\t\t\t\t\t<\/a>\n\t\t\t\t<\/div>\n\t\t\t\t\t\t\t\t<\/div>\n\t\t\t\t<\/div>\n\t\t\t\t<div class=\"elementor-element elementor-element-bccf71b elementor-align-left elementor-widget elementor-widget-button\" data-id=\"bccf71b\" data-element_type=\"widget\" data-e-type=\"widget\" data-widget_type=\"button.default\">\n\t\t\t\t<div class=\"elementor-widget-container\">\n\t\t\t\t\t\t\t\t\t<div class=\"elementor-button-wrapper\">\n\t\t\t\t\t<a class=\"elementor-button elementor-button-link elementor-size-sm\" href=\"https:\/\/emcm.ufrn.br\/site\/emcm\/P\u00f3s%20-%20Gradua\u00e7\u00e3o\/TCR\/Ata%20_%20Checklist%20Qualifica\u00e7\u00e3o%20TCR.docx\" target=\"_blank\">\n\t\t\t\t\t\t<span class=\"elementor-button-content-wrapper\">\n\t\t\t\t\t\t<span class=\"elementor-button-icon\">\n\t\t\t\t<svg aria-hidden=\"true\" class=\"e-font-icon-svg e-far-file-alt\" viewBox=\"0 0 384 512\" xmlns=\"http:\/\/www.w3.org\/2000\/svg\"><path d=\"M288 248v28c0 6.6-5.4 12-12 12H108c-6.6 0-12-5.4-12-12v-28c0-6.6 5.4-12 12-12h168c6.6 0 12 5.4 12 12zm-12 72H108c-6.6 0-12 5.4-12 12v28c0 6.6 5.4 12 12 12h168c6.6 0 12-5.4 12-12v-28c0-6.6-5.4-12-12-12zm108-188.1V464c0 26.5-21.5 48-48 48H48c-26.5 0-48-21.5-48-48V48C0 21.5 21.5 0 48 0h204.1C264.8 0 277 5.1 286 14.1L369.9 98c9 8.9 14.1 21.2 14.1 33.9zm-128-80V128h76.1L256 51.9zM336 464V176H232c-13.3 0-24-10.7-24-24V48H48v416h288z\"><\/path><\/svg>\t\t\t<\/span>\n\t\t\t\t\t\t\t\t\t<span class=\"elementor-button-text\">Ata Checklist Qualifica\u00e7\u00e3o TCR<\/span>\n\t\t\t\t\t<\/span>\n\t\t\t\t\t<\/a>\n\t\t\t\t<\/div>\n\t\t\t\t\t\t\t\t<\/div>\n\t\t\t\t<\/div>\n\t\t\t\t<div class=\"elementor-element elementor-element-413c210 elementor-align-left elementor-widget elementor-widget-button\" data-id=\"413c210\" data-element_type=\"widget\" data-e-type=\"widget\" data-widget_type=\"button.default\">\n\t\t\t\t<div class=\"elementor-widget-container\">\n\t\t\t\t\t\t\t\t\t<div class=\"elementor-button-wrapper\">\n\t\t\t\t\t<a class=\"elementor-button elementor-button-link elementor-size-sm\" href=\"https:\/\/emcm.ufrn.br\/site\/emcm\/P\u00f3s%20-%20Gradua\u00e7\u00e3o\/TCR\/Ata%20_%20Checklist%20Defesa%20TCR.docx\" target=\"_blank\">\n\t\t\t\t\t\t<span class=\"elementor-button-content-wrapper\">\n\t\t\t\t\t\t<span class=\"elementor-button-icon\">\n\t\t\t\t<svg aria-hidden=\"true\" class=\"e-font-icon-svg e-far-file-alt\" viewBox=\"0 0 384 512\" xmlns=\"http:\/\/www.w3.org\/2000\/svg\"><path d=\"M288 248v28c0 6.6-5.4 12-12 12H108c-6.6 0-12-5.4-12-12v-28c0-6.6 5.4-12 12-12h168c6.6 0 12 5.4 12 12zm-12 72H108c-6.6 0-12 5.4-12 12v28c0 6.6 5.4 12 12 12h168c6.6 0 12-5.4 12-12v-28c0-6.6-5.4-12-12-12zm108-188.1V464c0 26.5-21.5 48-48 48H48c-26.5 0-48-21.5-48-48V48C0 21.5 21.5 0 48 0h204.1C264.8 0 277 5.1 286 14.1L369.9 98c9 8.9 14.1 21.2 14.1 33.9zm-128-80V128h76.1L256 51.9zM336 464V176H232c-13.3 0-24-10.7-24-24V48H48v416h288z\"><\/path><\/svg>\t\t\t<\/span>\n\t\t\t\t\t\t\t\t\t<span class=\"elementor-button-text\">Ata Checklist Defesa TCR<\/span>\n\t\t\t\t\t<\/span>\n\t\t\t\t\t<\/a>\n\t\t\t\t<\/div>\n\t\t\t\t\t\t\t\t<\/div>\n\t\t\t\t<\/div>\n\t\t\t\t\t<\/div>\n\t\t\t\t<\/div>\n\t\t\t\t<\/div>\n\t\t","protected":false},"excerpt":{"rendered":"<p>A Comiss\u00e3o de Trabalhos de Conclus\u00e3o de Resid\u00eancia (TCR) da Escola Multicampi de Ci\u00eancias M\u00e9dicas (EMCM) da Universidade Federal do Rio Grande do Norte (UFRN) constitui um pilar fundamental na estrutura acad\u00eamica da institui\u00e7\u00e3o, zelando pela excel\u00eancia e pelo rigor cient\u00edfico na forma\u00e7\u00e3o de seus especialistas. Com a miss\u00e3o de orientar e supervisionar o desenvolvimento [&hellip;]<\/p>\n","protected":false},"author":1,"featured_media":5561,"parent":0,"menu_order":0,"comment_status":"closed","ping_status":"closed","template":"","meta":{"footnotes":""},"class_list":["post-5560","page","type-page","status-publish","has-post-thumbnail","hentry"],"_links":{"self":[{"href":"https:\/\/emcm.ufrn.br\/site\/wp-json\/wp\/v2\/pages\/5560","targetHints":{"allow":["GET"]}}],"collection":[{"href":"https:\/\/emcm.ufrn.br\/site\/wp-json\/wp\/v2\/pages"}],"about":[{"href":"https:\/\/emcm.ufrn.br\/site\/wp-json\/wp\/v2\/types\/page"}],"author":[{"embeddable":true,"href":"https:\/\/emcm.ufrn.br\/site\/wp-json\/wp\/v2\/users\/1"}],"replies":[{"embeddable":true,"href":"https:\/\/emcm.ufrn.br\/site\/wp-json\/wp\/v2\/comments?post=5560"}],"version-history":[{"count":4,"href":"https:\/\/emcm.ufrn.br\/site\/wp-json\/wp\/v2\/pages\/5560\/revisions"}],"predecessor-version":[{"id":5566,"href":"https:\/\/emcm.ufrn.br\/site\/wp-json\/wp\/v2\/pages\/5560\/revisions\/5566"}],"wp:featuredmedia":[{"embeddable":true,"href":"https:\/\/emcm.ufrn.br\/site\/wp-json\/wp\/v2\/media\/5561"}],"wp:attachment":[{"href":"https:\/\/emcm.ufrn.br\/site\/wp-json\/wp\/v2\/media?parent=5560"}],"curies":[{"name":"wp","href":"https:\/\/api.w.org\/{rel}","templated":true}]}}