{"id":4597,"date":"2024-12-03T08:28:04","date_gmt":"2024-12-03T11:28:04","guid":{"rendered":"http:\/\/emcm.ufrn.br\/site\/?page_id=4597"},"modified":"2025-08-04T13:48:03","modified_gmt":"2025-08-04T16:48:03","slug":"processo-seletivo-2024","status":"publish","type":"page","link":"https:\/\/emcm.ufrn.br\/site\/processo-seletivo-2024\/","title":{"rendered":"Processo Seletivo 2024"},"content":{"rendered":"\t\t<div data-elementor-type=\"wp-page\" data-elementor-id=\"4597\" class=\"elementor elementor-4597\" data-elementor-settings=\"{&quot;ha_cmc_init_switcher&quot;:&quot;no&quot;}\">\n\t\t\t\t<div class=\"elementor-element elementor-element-a781880 e-flex e-con-boxed e-con e-parent\" data-id=\"a781880\" data-element_type=\"container\" data-e-type=\"container\" data-settings=\"{&quot;_ha_eqh_enable&quot;:false}\">\n\t\t\t\t\t<div class=\"e-con-inner\">\n\t\t\t\t<div class=\"elementor-element elementor-element-a22d8f0 elementor-widget elementor-widget-heading\" data-id=\"a22d8f0\" data-element_type=\"widget\" data-e-type=\"widget\" data-widget_type=\"heading.default\">\n\t\t\t\t<div class=\"elementor-widget-container\">\n\t\t\t\t\t<h3 class=\"elementor-heading-title elementor-size-default\">Processo Seletivo - 2024<\/h3>\t\t\t\t<\/div>\n\t\t\t\t<\/div>\n\t\t\t\t\t<\/div>\n\t\t\t\t<\/div>\n\t\t<div class=\"elementor-element elementor-element-ead3056 e-flex e-con-boxed e-con e-parent\" data-id=\"ead3056\" data-element_type=\"container\" data-e-type=\"container\" data-settings=\"{&quot;_ha_eqh_enable&quot;:false}\">\n\t\t\t\t\t<div class=\"e-con-inner\">\n\t\t\t\t<div class=\"elementor-element elementor-element-579c1a7 elementor-widget elementor-widget-heading\" data-id=\"579c1a7\" data-element_type=\"widget\" data-e-type=\"widget\" data-widget_type=\"heading.default\">\n\t\t\t\t<div class=\"elementor-widget-container\">\n\t\t\t\t\t<h5 class=\"elementor-heading-title elementor-size-default\">Editais<\/h5>\t\t\t\t<\/div>\n\t\t\t\t<\/div>\n\t\t\t\t<div class=\"elementor-element elementor-element-6d42a3a elementor-align-left elementor-widget elementor-widget-button\" data-id=\"6d42a3a\" data-element_type=\"widget\" data-e-type=\"widget\" data-widget_type=\"button.default\">\n\t\t\t\t<div class=\"elementor-widget-container\">\n\t\t\t\t\t\t\t\t\t<div class=\"elementor-button-wrapper\">\n\t\t\t\t\t<a class=\"elementor-button elementor-button-link elementor-size-sm\" href=\"https:\/\/emcm.ufrn.br\/site\/emcm\/P%C3%B3s%20-%20Gradua%C3%A7%C3%A3o\/processo%20seletivo-%20Residentes\/2024\/EDITAL%20DE%20CONVOCA%C3%87%C3%83O%20PARA%20MATR%C3%8DCULA%20N.%C2%BA%20006_2024%20-%20%20RESID%C3%8ANCIA%20M%C3%89DICA%20DA%20ESCOLA%20MULTICAMPI%20DE%20CI%C3%8ANCIAS%20M%C3%89DICAS%20-%20EMCM-UFRN.pdf\" target=\"_blank\">\n\t\t\t\t\t\t<span class=\"elementor-button-content-wrapper\">\n\t\t\t\t\t\t<span class=\"elementor-button-icon\">\n\t\t\t\t<svg aria-hidden=\"true\" class=\"e-font-icon-svg e-far-file-alt\" viewBox=\"0 0 384 512\" xmlns=\"http:\/\/www.w3.org\/2000\/svg\"><path d=\"M288 248v28c0 6.6-5.4 12-12 12H108c-6.6 0-12-5.4-12-12v-28c0-6.6 5.4-12 12-12h168c6.6 0 12 5.4 12 12zm-12 72H108c-6.6 0-12 5.4-12 12v28c0 6.6 5.4 12 12 12h168c6.6 0 12-5.4 12-12v-28c0-6.6-5.4-12-12-12zm108-188.1V464c0 26.5-21.5 48-48 48H48c-26.5 0-48-21.5-48-48V48C0 21.5 21.5 0 48 0h204.1C264.8 0 277 5.1 286 14.1L369.9 98c9 8.9 14.1 21.2 14.1 33.9zm-128-80V128h76.1L256 51.9zM336 464V176H232c-13.3 0-24-10.7-24-24V48H48v416h288z\"><\/path><\/svg>\t\t\t<\/span>\n\t\t\t\t\t\t\t\t\t<span class=\"elementor-button-text\">EDITAL DE CONVOCA\u00c7\u00c3O PARA MATR\u00cdCULA N.\u00ba 006_2024 -  RESID\u00caNCIA M\u00c9DICA DA ESCOLA MULTICAMPI DE CI\u00caNCIAS M\u00c9DICAS - EMCM-UFRN<\/span>\n\t\t\t\t\t<\/span>\n\t\t\t\t\t<\/a>\n\t\t\t\t<\/div>\n\t\t\t\t\t\t\t\t<\/div>\n\t\t\t\t<\/div>\n\t\t\t\t<div class=\"elementor-element elementor-element-3b3667b elementor-align-left elementor-widget elementor-widget-button\" data-id=\"3b3667b\" data-element_type=\"widget\" data-e-type=\"widget\" data-widget_type=\"button.default\">\n\t\t\t\t<div class=\"elementor-widget-container\">\n\t\t\t\t\t\t\t\t\t<div class=\"elementor-button-wrapper\">\n\t\t\t\t\t<a class=\"elementor-button elementor-button-link elementor-size-sm\" href=\"https:\/\/emcm.ufrn.br\/site\/emcm\/P%C3%B3s%20-%20Gradua%C3%A7%C3%A3o\/processo%20seletivo-%20Residentes\/2024\/Edital%20006%28RETIFICADO%29.pdf\" target=\"_blank\">\n\t\t\t\t\t\t<span class=\"elementor-button-content-wrapper\">\n\t\t\t\t\t\t<span class=\"elementor-button-icon\">\n\t\t\t\t<svg aria-hidden=\"true\" class=\"e-font-icon-svg e-far-file-alt\" viewBox=\"0 0 384 512\" xmlns=\"http:\/\/www.w3.org\/2000\/svg\"><path d=\"M288 248v28c0 6.6-5.4 12-12 12H108c-6.6 0-12-5.4-12-12v-28c0-6.6 5.4-12 12-12h168c6.6 0 12 5.4 12 12zm-12 72H108c-6.6 0-12 5.4-12 12v28c0 6.6 5.4 12 12 12h168c6.6 0 12-5.4 12-12v-28c0-6.6-5.4-12-12-12zm108-188.1V464c0 26.5-21.5 48-48 48H48c-26.5 0-48-21.5-48-48V48C0 21.5 21.5 0 48 0h204.1C264.8 0 277 5.1 286 14.1L369.9 98c9 8.9 14.1 21.2 14.1 33.9zm-128-80V128h76.1L256 51.9zM336 464V176H232c-13.3 0-24-10.7-24-24V48H48v416h288z\"><\/path><\/svg>\t\t\t<\/span>\n\t\t\t\t\t\t\t\t\t<span class=\"elementor-button-text\">Edital 006(RETIFICADO).pdf<\/span>\n\t\t\t\t\t<\/span>\n\t\t\t\t\t<\/a>\n\t\t\t\t<\/div>\n\t\t\t\t\t\t\t\t<\/div>\n\t\t\t\t<\/div>\n\t\t\t\t\t<\/div>\n\t\t\t\t<\/div>\n\t\t<div class=\"elementor-element elementor-element-baedefe e-flex e-con-boxed e-con e-parent\" data-id=\"baedefe\" data-element_type=\"container\" data-e-type=\"container\" data-settings=\"{&quot;_ha_eqh_enable&quot;:false}\">\n\t\t\t\t\t<div class=\"e-con-inner\">\n\t\t\t\t<div class=\"elementor-element elementor-element-ca2a7eb elementor-widget elementor-widget-heading\" data-id=\"ca2a7eb\" data-element_type=\"widget\" data-e-type=\"widget\" data-widget_type=\"heading.default\">\n\t\t\t\t<div class=\"elementor-widget-container\">\n\t\t\t\t\t<h5 class=\"elementor-heading-title elementor-size-default\">Resultados<\/h5>\t\t\t\t<\/div>\n\t\t\t\t<\/div>\n\t\t\t\t\t<\/div>\n\t\t\t\t<\/div>\n\t\t\t\t<\/div>\n\t\t","protected":false},"excerpt":{"rendered":"<p>Processo Seletivo &#8211; 2024 Editais EDITAL DE CONVOCA\u00c7\u00c3O PARA MATR\u00cdCULA N.\u00ba 006_2024 &#8211; RESID\u00caNCIA M\u00c9DICA DA ESCOLA MULTICAMPI DE CI\u00caNCIAS M\u00c9DICAS &#8211; EMCM-UFRN Edital 006(RETIFICADO).pdf Resultados<\/p>\n","protected":false},"author":1,"featured_media":0,"parent":0,"menu_order":0,"comment_status":"closed","ping_status":"closed","template":"","meta":{"footnotes":""},"class_list":["post-4597","page","type-page","status-publish","hentry"],"_links":{"self":[{"href":"https:\/\/emcm.ufrn.br\/site\/wp-json\/wp\/v2\/pages\/4597","targetHints":{"allow":["GET"]}}],"collection":[{"href":"https:\/\/emcm.ufrn.br\/site\/wp-json\/wp\/v2\/pages"}],"about":[{"href":"https:\/\/emcm.ufrn.br\/site\/wp-json\/wp\/v2\/types\/page"}],"author":[{"embeddable":true,"href":"https:\/\/emcm.ufrn.br\/site\/wp-json\/wp\/v2\/users\/1"}],"replies":[{"embeddable":true,"href":"https:\/\/emcm.ufrn.br\/site\/wp-json\/wp\/v2\/comments?post=4597"}],"version-history":[{"count":13,"href":"https:\/\/emcm.ufrn.br\/site\/wp-json\/wp\/v2\/pages\/4597\/revisions"}],"predecessor-version":[{"id":5138,"href":"https:\/\/emcm.ufrn.br\/site\/wp-json\/wp\/v2\/pages\/4597\/revisions\/5138"}],"wp:attachment":[{"href":"https:\/\/emcm.ufrn.br\/site\/wp-json\/wp\/v2\/media?parent=4597"}],"curies":[{"name":"wp","href":"https:\/\/api.w.org\/{rel}","templated":true}]}}