{"id":210,"date":"2024-03-07T09:08:37","date_gmt":"2024-03-07T12:08:37","guid":{"rendered":"http:\/\/10.143.8.37\/site\/?page_id=210"},"modified":"2025-09-22T13:57:59","modified_gmt":"2025-09-22T16:57:59","slug":"lmf-emcm","status":"publish","type":"page","link":"https:\/\/emcm.ufrn.br\/site\/lmf-emcm\/","title":{"rendered":"LMF-EMCM"},"content":{"rendered":"\t\t<div data-elementor-type=\"wp-page\" data-elementor-id=\"210\" class=\"elementor elementor-210\" data-elementor-settings=\"{&quot;ha_cmc_init_switcher&quot;:&quot;no&quot;}\">\n\t\t\t\t<div class=\"elementor-element elementor-element-2e9aff9 e-flex e-con-boxed e-con e-parent\" data-id=\"2e9aff9\" data-element_type=\"container\" data-e-type=\"container\" data-settings=\"{&quot;_ha_eqh_enable&quot;:false}\">\n\t\t\t\t\t<div class=\"e-con-inner\">\n\t\t\t\t<div class=\"elementor-element elementor-element-2672975 elementor-widget elementor-widget-heading\" data-id=\"2672975\" data-element_type=\"widget\" data-e-type=\"widget\" data-widget_type=\"heading.default\">\n\t\t\t\t<div class=\"elementor-widget-container\">\n\t\t\t\t\t<h3 class=\"elementor-heading-title elementor-size-default\">Laborat\u00f3rio Morfofuncional<\/h3>\t\t\t\t<\/div>\n\t\t\t\t<\/div>\n\t\t\t\t<div class=\"elementor-element elementor-element-6e969e4 elementor-widget elementor-widget-heading\" data-id=\"6e969e4\" data-element_type=\"widget\" data-e-type=\"widget\" data-widget_type=\"heading.default\">\n\t\t\t\t<div class=\"elementor-widget-container\">\n\t\t\t\t\t<h4 class=\"elementor-heading-title elementor-size-default\">Apresenta\u00e7\u00e3o e Objetivo<\/h4>\t\t\t\t<\/div>\n\t\t\t\t<\/div>\n\t\t\t\t<div class=\"elementor-element elementor-element-2227a51 elementor-widget elementor-widget-text-editor\" data-id=\"2227a51\" data-element_type=\"widget\" data-e-type=\"widget\" data-widget_type=\"text-editor.default\">\n\t\t\t\t<div class=\"elementor-widget-container\">\n\t\t\t\t\t\t\t\t\t<p><span style=\"color: rgb(6, 6, 6); font-size: 16px;\">O&nbsp;Laborat\u00f3rio Morfofuncional&nbsp;da EMCM consiste no local onde conte\u00fados de Anatomia Humana, Histologia, Fisiologia e Embriologia&nbsp;s\u00e3o ministrados&nbsp;por meio de uma din\u00e2mica integrada de atividades te\u00f3rico-pr\u00e1ticas. Este espa\u00e7o \u00e9 utilizado pelo curso de Medicina e programas de p\u00f3s-gradua\u00e7\u00e3o&nbsp;desenvolvidos na institui\u00e7\u00e3o, cujo obejtivo principal \u00e9 proporcionar aos estudantes uma din\u00e2mica integrada de atividades te\u00f3rico-pr\u00e1ticas&nbsp;de ci\u00eancias moforfuncionias com os conte\u00fados das ci\u00eancias cl\u00ednicas em diferentes m\u00f3dulos e disciplinas ao longo do curso.<\/span><br><\/p>\t\t\t\t\t\t\t\t<\/div>\n\t\t\t\t<\/div>\n\t\t\t\t\t<\/div>\n\t\t\t\t<\/div>\n\t\t<div class=\"elementor-element elementor-element-09f2718 e-flex e-con-boxed e-con e-parent\" data-id=\"09f2718\" data-element_type=\"container\" data-e-type=\"container\" data-settings=\"{&quot;_ha_eqh_enable&quot;:false}\">\n\t\t\t\t\t<div class=\"e-con-inner\">\n\t\t\t\t<div class=\"elementor-element elementor-element-d10f89d elementor-widget elementor-widget-heading\" data-id=\"d10f89d\" data-element_type=\"widget\" data-e-type=\"widget\" data-widget_type=\"heading.default\">\n\t\t\t\t<div class=\"elementor-widget-container\">\n\t\t\t\t\t<h4 class=\"elementor-heading-title elementor-size-default\">Estrutura F\u00edsica<\/h4>\t\t\t\t<\/div>\n\t\t\t\t<\/div>\n\t\t\t\t<div class=\"elementor-element elementor-element-688aa94 elementor-widget elementor-widget-text-editor\" data-id=\"688aa94\" data-element_type=\"widget\" data-e-type=\"widget\" data-widget_type=\"text-editor.default\">\n\t\t\t\t<div class=\"elementor-widget-container\">\n\t\t\t\t\t\t\t\t\t<p><span style=\"color: #030303; font-size: 16px; text-align: start;\">O\u00a0Laborat\u00f3rio Morfofuncional est\u00e1 localizado no segundo\u00a0andar, sala 216, no pr\u00e9dio da EMCM.<\/span><\/p>\t\t\t\t\t\t\t\t<\/div>\n\t\t\t\t<\/div>\n\t\t\t\t\t<\/div>\n\t\t\t\t<\/div>\n\t\t<div class=\"elementor-element elementor-element-a46391c e-flex e-con-boxed e-con e-parent\" data-id=\"a46391c\" data-element_type=\"container\" data-e-type=\"container\" data-settings=\"{&quot;_ha_eqh_enable&quot;:false}\">\n\t\t\t\t\t<div class=\"e-con-inner\">\n\t\t\t\t<div class=\"elementor-element elementor-element-dce31af elementor-widget elementor-widget-heading\" data-id=\"dce31af\" data-element_type=\"widget\" data-e-type=\"widget\" data-widget_type=\"heading.default\">\n\t\t\t\t<div class=\"elementor-widget-container\">\n\t\t\t\t\t<h4 class=\"elementor-heading-title elementor-size-default\"><h4 class=\"elementor-heading-title elementor-size-default elementor-inline-editing pen\" data-elementor-setting-key=\"title\" data-pen-placeholder=\"Digite aqui...\" style=\"text-transform: none;font-style: normal;font-family: var( --e-global-typography-primary-font-family ), Sans-serif;font-weight: var( --e-global-typography-primary-font-weight )\">Cat\u00e1logo de modelos anat\u00f4micos, microsc\u00f3pios de luz, mesa sectra e conjuntos de l\u00e2minas histol\u00f3gicas<\/h4><\/h4>\t\t\t\t<\/div>\n\t\t\t\t<\/div>\n\t\t\t\t<div class=\"elementor-element elementor-element-b7c6bc2 elementor-widget elementor-widget-text-editor\" data-id=\"b7c6bc2\" data-element_type=\"widget\" data-e-type=\"widget\" data-widget_type=\"text-editor.default\">\n\t\t\t\t<div class=\"elementor-widget-container\">\n\t\t\t\t\t\t\t\t\t<p><span style=\"color: #070707; font-size: 16px; text-align: start;\">O Laborat\u00f3rio Morfofuncional conta com um cat\u00e1logo pr\u00f3prio dispon\u00edvel\u00a0no link abaixo.<\/span><\/p>\t\t\t\t\t\t\t\t<\/div>\n\t\t\t\t<\/div>\n\t\t\t\t<div class=\"elementor-element elementor-element-4338401 elementor-widget elementor-widget-button\" data-id=\"4338401\" data-element_type=\"widget\" data-e-type=\"widget\" data-widget_type=\"button.default\">\n\t\t\t\t<div class=\"elementor-widget-container\">\n\t\t\t\t\t\t\t\t\t<div class=\"elementor-button-wrapper\">\n\t\t\t\t\t<a class=\"elementor-button elementor-button-link elementor-size-sm\" href=\"https:\/\/emcm.ufrn.br\/site\/emcm\/Laborat%C3%B3rio%20Morfofuncional\/catalogo-Lab-morfo.pdf\" target=\"_blank\">\n\t\t\t\t\t\t<span class=\"elementor-button-content-wrapper\">\n\t\t\t\t\t\t<span class=\"elementor-button-icon\">\n\t\t\t\t<svg aria-hidden=\"true\" class=\"e-font-icon-svg e-fas-external-link-alt\" viewBox=\"0 0 512 512\" xmlns=\"http:\/\/www.w3.org\/2000\/svg\"><path d=\"M432,320H400a16,16,0,0,0-16,16V448H64V128H208a16,16,0,0,0,16-16V80a16,16,0,0,0-16-16H48A48,48,0,0,0,0,112V464a48,48,0,0,0,48,48H400a48,48,0,0,0,48-48V336A16,16,0,0,0,432,320ZM488,0h-128c-21.37,0-32.05,25.91-17,41l35.73,35.73L135,320.37a24,24,0,0,0,0,34L157.67,377a24,24,0,0,0,34,0L435.28,133.32,471,169c15,15,41,4.5,41-17V24A24,24,0,0,0,488,0Z\"><\/path><\/svg>\t\t\t<\/span>\n\t\t\t\t\t\t\t\t\t<span class=\"elementor-button-text\">Ver cat\u00e1logo<\/span>\n\t\t\t\t\t<\/span>\n\t\t\t\t\t<\/a>\n\t\t\t\t<\/div>\n\t\t\t\t\t\t\t\t<\/div>\n\t\t\t\t<\/div>\n\t\t\t\t<div class=\"elementor-element elementor-element-ffd976e elementor-widget elementor-widget-heading\" data-id=\"ffd976e\" data-element_type=\"widget\" data-e-type=\"widget\" data-widget_type=\"heading.default\">\n\t\t\t\t<div class=\"elementor-widget-container\">\n\t\t\t\t\t<h4 class=\"elementor-heading-title elementor-size-default\">Instrumento  de Agendamento e Cria\u00e7\u00e3o de Esta\u00e7\u00f5es para Provas<\/h4>\t\t\t\t<\/div>\n\t\t\t\t<\/div>\n\t\t\t\t<div class=\"elementor-element elementor-element-9408a4a elementor-widget elementor-widget-button\" data-id=\"9408a4a\" data-element_type=\"widget\" data-e-type=\"widget\" data-widget_type=\"button.default\">\n\t\t\t\t<div class=\"elementor-widget-container\">\n\t\t\t\t\t\t\t\t\t<div class=\"elementor-button-wrapper\">\n\t\t\t\t\t<a class=\"elementor-button elementor-button-link elementor-size-sm\" href=\"https:\/\/docs.google.com\/forms\/d\/e\/1FAIpQLSeVnQ4J998piDuai3O6gikK8JJ9A4ffWjsZJHi8nxtGuB35QA\/viewform?pli=1\" target=\"_blank\">\n\t\t\t\t\t\t<span class=\"elementor-button-content-wrapper\">\n\t\t\t\t\t\t<span class=\"elementor-button-icon\">\n\t\t\t\t<svg aria-hidden=\"true\" class=\"e-font-icon-svg e-fas-external-link-alt\" viewBox=\"0 0 512 512\" xmlns=\"http:\/\/www.w3.org\/2000\/svg\"><path d=\"M432,320H400a16,16,0,0,0-16,16V448H64V128H208a16,16,0,0,0,16-16V80a16,16,0,0,0-16-16H48A48,48,0,0,0,0,112V464a48,48,0,0,0,48,48H400a48,48,0,0,0,48-48V336A16,16,0,0,0,432,320ZM488,0h-128c-21.37,0-32.05,25.91-17,41l35.73,35.73L135,320.37a24,24,0,0,0,0,34L157.67,377a24,24,0,0,0,34,0L435.28,133.32,471,169c15,15,41,4.5,41-17V24A24,24,0,0,0,488,0Z\"><\/path><\/svg>\t\t\t<\/span>\n\t\t\t\t\t\t\t\t\t<span class=\"elementor-button-text\">INSTRUMENTO DE AGENDAMENTO E CRIA\u00c7\u00c3O DE ESTA\u00c7\u00d5ES PARA PROVAS<\/span>\n\t\t\t\t\t<\/span>\n\t\t\t\t\t<\/a>\n\t\t\t\t<\/div>\n\t\t\t\t\t\t\t\t<\/div>\n\t\t\t\t<\/div>\n\t\t\t\t\t<\/div>\n\t\t\t\t<\/div>\n\t\t\t\t<\/div>\n\t\t","protected":false},"excerpt":{"rendered":"<p>Laborat\u00f3rio Morfofuncional Apresenta\u00e7\u00e3o e Objetivo O&nbsp;Laborat\u00f3rio Morfofuncional&nbsp;da EMCM consiste no local onde conte\u00fados de Anatomia Humana, Histologia, Fisiologia e Embriologia&nbsp;s\u00e3o ministrados&nbsp;por meio de uma din\u00e2mica integrada de atividades te\u00f3rico-pr\u00e1ticas. Este espa\u00e7o \u00e9 utilizado pelo curso de Medicina e programas de p\u00f3s-gradua\u00e7\u00e3o&nbsp;desenvolvidos na institui\u00e7\u00e3o, cujo obejtivo principal \u00e9 proporcionar aos estudantes uma din\u00e2mica integrada de atividades [&hellip;]<\/p>\n","protected":false},"author":1,"featured_media":0,"parent":0,"menu_order":0,"comment_status":"closed","ping_status":"closed","template":"","meta":{"footnotes":""},"class_list":["post-210","page","type-page","status-publish","hentry"],"_links":{"self":[{"href":"https:\/\/emcm.ufrn.br\/site\/wp-json\/wp\/v2\/pages\/210","targetHints":{"allow":["GET"]}}],"collection":[{"href":"https:\/\/emcm.ufrn.br\/site\/wp-json\/wp\/v2\/pages"}],"about":[{"href":"https:\/\/emcm.ufrn.br\/site\/wp-json\/wp\/v2\/types\/page"}],"author":[{"embeddable":true,"href":"https:\/\/emcm.ufrn.br\/site\/wp-json\/wp\/v2\/users\/1"}],"replies":[{"embeddable":true,"href":"https:\/\/emcm.ufrn.br\/site\/wp-json\/wp\/v2\/comments?post=210"}],"version-history":[{"count":37,"href":"https:\/\/emcm.ufrn.br\/site\/wp-json\/wp\/v2\/pages\/210\/revisions"}],"predecessor-version":[{"id":5396,"href":"https:\/\/emcm.ufrn.br\/site\/wp-json\/wp\/v2\/pages\/210\/revisions\/5396"}],"wp:attachment":[{"href":"https:\/\/emcm.ufrn.br\/site\/wp-json\/wp\/v2\/media?parent=210"}],"curies":[{"name":"wp","href":"https:\/\/api.w.org\/{rel}","templated":true}]}}